{"id":84,"date":"2023-01-08T13:50:24","date_gmt":"2023-01-08T18:50:24","guid":{"rendered":"https:\/\/kentatheme.com\/architecture\/?page_id=7"},"modified":"2025-05-29T18:34:48","modified_gmt":"2025-05-29T23:34:48","slug":"inicio","status":"publish","type":"page","link":"https:\/\/drongis.com\/","title":{"rendered":"Inicio"},"content":{"rendered":"\n<div class=\"wp-block-kenta-blocks-slides alignfull kb-slides-52719430 kb-slides\"><button class=\"kb-slides-prev-arrow kb-slides-arrow\" id=\"kb-slides-prev-52719430\"><i class=\"fas fa-chevron-left\"><\/i><\/button><div class=\"kb-slides-inner-container\">\n<div class=\"wp-block-kenta-blocks-slide-item kb-slide-item-87a1d84e kb-slide-item kb-slide-item-has-overlay\"><div class=\"kb-slide-item-inner-container\">\n<div class=\"wp-block-kenta-blocks-paragraph kb-paragraph kb-paragraph-22971ed8\"><p class=\"\">Bienvenidos a la Agricultura de precisi\u00f3n<\/p><\/div>\n\n\n\n<div class=\"wp-block-kenta-blocks-heading kb-heading kb-heading-h1 kb-heading-e3b69798\"><h1 class=\"\">Drones para la Agricultura<\/h1><\/div>\n\n\n\n<div class=\"wp-block-kenta-blocks-paragraph kb-paragraph kb-paragraph-a751cb85\"><p class=\"\">Monitoreo de la salud de los cultivos, detecci\u00f3n de enfermedades y fertilidad del suelo. Mejora tus pr\u00e1cticas y aumenta tus rendimientos.<\/p><\/div>\n\n\n\n<div class=\"wp-block-kenta-blocks-buttons kb-buttons kb-buttons-3bda1718\">\n<div class=\"kb-button-wrapper kb-button-wrapper-6fe8aa86\"><a class=\"wp-block-kenta-blocks-button kb-button kb-button-6fe8aa86 kb-button-left\" href=\"https:\/\/drongis.com\/?page_id=142\"><span>Ver Detalles<\/span><\/a><\/div>\n<\/div>\n\n\n\n<div class=\"wp-block-kenta-blocks-spacer kb-spacer-38e0a52f kb-spacer\" aria-hidden=\"true\"><\/div>\n<\/div><\/div>\n\n\n\n<div class=\"wp-block-kenta-blocks-slide-item kb-slide-item-5750e3c4 kb-slide-item kb-slide-item-has-overlay\"><div class=\"kb-slide-item-inner-container\">\n<div class=\"wp-block-kenta-blocks-paragraph kb-paragraph kb-paragraph-28abdd97\"><p class=\"\">Bienvenidos a Drongis<\/p><\/div>\n\n\n\n<div class=\"wp-block-kenta-blocks-heading kb-heading kb-heading-h1 kb-heading-9f51adb6\"><h1 class=\"\">Drones para la ingenier\u00eda<\/h1><\/div>\n\n\n\n<div class=\"wp-block-kenta-blocks-paragraph kb-paragraph kb-paragraph-fbed47cd\"><p class=\"\">Inspecciones seguras, r\u00e1pidas y econ\u00f3micas, im\u00e1genes de alta resoluci\u00f3n y modelos 3D para decisiones informadas.<\/p><\/div>\n\n\n\n<div class=\"wp-block-kenta-blocks-buttons kb-buttons kb-buttons-68e03c5b\">\n<div class=\"kb-button-wrapper kb-button-wrapper-a3aecfd7\"><a class=\"wp-block-kenta-blocks-button kb-button kb-button-a3aecfd7 kb-button-left\" href=\"https:\/\/drongis.com\/?page_id=147\"><span>Ver Detalles<\/span><\/a><\/div>\n<\/div>\n\n\n\n<div class=\"wp-block-kenta-blocks-spacer kb-spacer-e109b753 kb-spacer\" aria-hidden=\"true\"><\/div>\n<\/div><\/div>\n\n\n\n<div class=\"wp-block-kenta-blocks-slide-item kb-slide-item-5506d3f9 kb-slide-item kb-slide-item-has-overlay\"><div class=\"kb-slide-item-inner-container\">\n<div class=\"wp-block-kenta-blocks-paragraph kb-paragraph kb-paragraph-93feb0e7\"><p class=\"\">Bienvenidos a la Investigaci\u00f3n cient\u00edfica con Drongis<\/p><\/div>\n\n\n\n<div class=\"wp-block-kenta-blocks-heading kb-heading kb-heading-h1 kb-heading-57247e28\"><h1 class=\"\">Drones para la Investigaci\u00f3n<\/h1><\/div>\n\n\n\n<div class=\"wp-block-kenta-blocks-paragraph kb-paragraph kb-paragraph-a06d71c1\"><p class=\"\">Recolecci\u00f3n de datos eficientes y detallados, mapeos topogr\u00e1ficos, monitoreo de fauna\/flora, caracterizaci\u00f3n de suelos. Informaci\u00f3n valiosa en \u00e1reas de dif\u00edcil acceso.<\/p><\/div>\n\n\n\n<div class=\"wp-block-kenta-blocks-buttons kb-buttons kb-buttons-c589b688\">\n<div class=\"kb-button-wrapper kb-button-wrapper-d214c32e\"><a class=\"wp-block-kenta-blocks-button kb-button kb-button-d214c32e kb-button-left\" href=\"https:\/\/drongis.com\/?page_id=149\"><span>Ver Detalles<\/span><\/a><\/div>\n<\/div>\n\n\n\n<div class=\"wp-block-kenta-blocks-spacer kb-spacer-262bfd0f kb-spacer\" aria-hidden=\"true\"><\/div>\n<\/div><\/div>\n<\/div><button class=\"kb-slides-next-arrow kb-slides-arrow\" id=\"kb-slides-next-52719430\"><i class=\"fas fa-chevron-right\"><\/i><\/button><\/div>\n\n\n\n<div class=\"wp-block-columns is-layout-flex wp-container-core-columns-is-layout-28f84493 wp-block-columns-is-layout-flex\">\n<div class=\"wp-block-column has-global-padding is-layout-constrained wp-block-column-is-layout-constrained\" style=\"flex-basis:100%\">\n<div class=\"wp-block-kenta-blocks-section alignwide kb-section-80415f12 kb-section\" id=\"about\"><div class=\"kb-section-container\">\n<div class=\"wp-block-kenta-blocks-column kb-column-wrapper kb-column-wrapper-4aedffaa\"><div class=\"kb-column kb-column-4aedffaa\"><div class=\"kb-column-content\">\n<div class=\"wp-block-kenta-blocks-paragraph kb-paragraph kb-paragraph-086a9bb5 kenta-scroll-reveal\"><p class=\"\">Acerca de nosotros<\/p><\/div>\n\n\n\n<div class=\"wp-block-kenta-blocks-heading kb-heading kb-heading-h2 kb-heading-6963f88f kenta-scroll-reveal\"><h2 class=\"\">Drongis INGENIER\u00cdA S.Ep.<\/h2><\/div>\n\n\n\n<div class=\"wp-block-kenta-blocks-paragraph alignfull kb-paragraph kb-paragraph-69405c5f kenta-scroll-reveal\"><p class=\"\">Somos una empresa dedicada a la tecnolog\u00eda geoespacial que utiliza como principal herramienta Drones equipados con c\u00e1maras multiespectrales y de alta resoluci\u00f3n, que nos permiten recolectar datos para ser procesados por un sistema de informaci\u00f3n geogr\u00e1fica.<\/p><\/div>\n\n\n\n<div class=\"wp-block-kenta-blocks-stack kb-stack-1668d81f kb-stack\"><div class=\"kb-stack-inner-container\">\n<div class=\"wp-block-kenta-blocks-row kb-row-1558a680 kb-row kenta-scroll-reveal\"><div class=\"kb-row-inner-container\">\n<div class=\"wp-block-kenta-blocks-buttons kb-buttons kb-buttons-161ead0e\">\n<div class=\"kb-icon-button-wrapper kb-icon-button-wrapper-79574f29\"><span class=\"wp-block-kenta-blocks-icon-button kb-icon-button kb-icon-button-79574f29\"><i class=\"fas fa-check\"><\/i><\/span><\/div>\n<\/div>\n\n\n\n<div class=\"wp-block-kenta-blocks-stack kb-stack-5b7b7c42 kb-stack\"><div class=\"kb-stack-inner-container\">\n<div class=\"wp-block-kenta-blocks-heading alignfull kb-heading kb-heading-h3 kb-heading-429ec5a1\"><h3 class=\"\">Lo \u00faltimo en Tecnolog\u00eda<\/h3><\/div>\n\n\n\n<div class=\"wp-block-kenta-blocks-paragraph kb-paragraph kb-paragraph-4a85359e\"><p class=\"\">Utilizamos la \u00faltima generaci\u00f3n de computadoras que nos permiten procesar grandes vol\u00famenes de datos..<\/p><\/div>\n<\/div><\/div>\n<\/div><\/div>\n\n\n\n<div class=\"wp-block-kenta-blocks-row kb-row-32352d70 kb-row kenta-scroll-reveal\"><div class=\"kb-row-inner-container\">\n<div class=\"wp-block-kenta-blocks-buttons kb-buttons kb-buttons-3045531b\">\n<div class=\"kb-icon-button-wrapper kb-icon-button-wrapper-0a47be10\"><span class=\"wp-block-kenta-blocks-icon-button kb-icon-button kb-icon-button-0a47be10\"><i class=\"fas fa-check\"><\/i><\/span><\/div>\n<\/div>\n\n\n\n<div class=\"wp-block-kenta-blocks-stack kb-stack-1e9b210d kb-stack\"><div class=\"kb-stack-inner-container\">\n<div class=\"wp-block-kenta-blocks-heading alignfull kb-heading kb-heading-h3 kb-heading-760e9c1c\"><h3 class=\"\">La Mejor Resoluci\u00f3n<\/h3><\/div>\n\n\n\n<div class=\"wp-block-kenta-blocks-paragraph kb-paragraph kb-paragraph-c9729449\"><p class=\"\">Utilizamos c\u00e1maras multiespectrales, t\u00e9rmicas y de alta resoluci\u00f3n para recolectar la mejor data.<\/p><\/div>\n<\/div><\/div>\n<\/div><\/div>\n<\/div><\/div>\n<\/div><\/div><\/div>\n<\/div><\/div>\n<\/div>\n<\/div>\n\n\n\n<figure class=\"wp-block-kenta-blocks-image kb-image kb-image-6ec59740 kenta-scroll-reveal\"><img decoding=\"async\" src=\"http:\/\/drongis.com\/wp-content\/uploads\/2023\/03\/20220907_110349-scaled.jpg\" alt=\"\"\/><\/figure>\n\n\n<ul class=\"wp-block-latest-posts__list is-grid columns-3 aligncenter wp-block-latest-posts\"><li><a class=\"wp-block-latest-posts__post-title\" href=\"https:\/\/drongis.com\/?p=398\">\u00a1Drongis en La Estrella de Panam\u00e1! Seguimos llevando la innovaci\u00f3n geoespacial al pa\u00eds<\/a><\/li>\n<li><a class=\"wp-block-latest-posts__post-title\" href=\"https:\/\/drongis.com\/?p=388\">Drongis participa como conferencista magistral en seminario sobre construcci\u00f3n moderna en la UTP Chiriqu\u00ed<\/a><\/li>\n<li><a class=\"wp-block-latest-posts__post-title\" href=\"https:\/\/drongis.com\/?p=372\">Drongis participa como conferencista en el XI Congreso CINAP 2025<\/a><\/li>\n<li><a class=\"wp-block-latest-posts__post-title\" href=\"https:\/\/drongis.com\/?p=359\">\ud83c\udfc6 Drongis gana premio regional en la categor\u00eda Transici\u00f3n Digital del Programa DINAMICA II<\/a><\/li>\n<li><a class=\"wp-block-latest-posts__post-title\" href=\"https:\/\/drongis.com\/?p=1\"><strong>DRONGIS INGENIER\u00cdA S.EP.<\/strong><\/a><\/li>\n<\/ul>\n\n\n<div class=\"wp-block-kenta-blocks-cover alignfull kb-cover-540180cc kb-cover kb-cover-has-overlay\"><div class=\"kb-cover-inner-container\">\n<div class=\"wp-block-kenta-blocks-heading kb-heading kb-heading-h2 kb-heading-edaab126 kenta-scroll-reveal\"><h2 class=\"\"><sub>Nuestro equipo de ingenieros y especialistas en tecnolog\u00eda geoespacial est\u00e1n listos para ayudar<\/sub><\/h2><\/div>\n\n\n\n<div class=\"wp-block-kenta-blocks-buttons kb-buttons kb-buttons-33001576 kenta-scroll-reveal\">\n<div class=\"kb-button-wrapper kb-button-wrapper-5d11f91f\"><a class=\"wp-block-kenta-blocks-button kb-button kb-button-5d11f91f kb-button-left\" href=\"#contact\"><span>ESCRIBENOS<\/span><\/a><\/div>\n<\/div>\n<\/div><\/div>\n\n\n\n<p class=\"has-text-align-center has-kenta-accent-color has-kenta-base-100-background-color has-text-color has-background has-medium-font-size\"><strong>Agradecemos a nuestros financiadores, asesores y proveedores por creer en la nueva era de la tecnolog\u00eda geoespacial.<\/strong><\/p>\n\n\n\n<div class=\"wp-block-kenta-blocks-cover alignfull kb-cover-c0d39a70 kb-cover kb-cover-has-overlay\"><div class=\"kb-cover-inner-container\">\n<div class=\"wp-block-kenta-blocks-section alignfull kb-section-aaac7880 kb-section\">\n<div class=\"wp-block-kenta-blocks-column kb-column-wrapper kb-column-wrapper-2b74f341\"><div class=\"kb-column kb-column-2b74f341\"><div class=\"kb-column-content\">\n<figure class=\"wp-block-kenta-blocks-image kb-image kb-image-4fd61f4b kenta-scroll-reveal\"><img decoding=\"async\" src=\"https:\/\/drongis.com\/wp-content\/uploads\/2023\/03\/7.-Logo-SENACYT-png.png\" alt=\"\"\/><\/figure>\n<\/div><\/div><\/div>\n\n\n\n<div class=\"wp-block-kenta-blocks-column kb-column-wrapper kb-column-wrapper-7d50ae80\"><div class=\"kb-column kb-column-7d50ae80\"><div class=\"kb-column-content\">\n<figure class=\"wp-block-image alignleft size-full is-resized\"><img loading=\"lazy\" decoding=\"async\" width=\"594\" height=\"420\" src=\"https:\/\/drongis.com\/wp-content\/uploads\/2023\/03\/28432812-59ee8b7e-6d57-11e7-9fc9-388cf7d6267f-removebg-preview.png\" alt=\"\" class=\"wp-image-311\" style=\"width:186px;height:131px\" srcset=\"https:\/\/drongis.com\/wp-content\/uploads\/2023\/03\/28432812-59ee8b7e-6d57-11e7-9fc9-388cf7d6267f-removebg-preview.png 594w, https:\/\/drongis.com\/wp-content\/uploads\/2023\/03\/28432812-59ee8b7e-6d57-11e7-9fc9-388cf7d6267f-removebg-preview-300x212.png 300w\" sizes=\"auto, (max-width: 594px) 100vw, 594px\" \/><\/figure>\n<\/div><\/div><\/div>\n\n\n\n<div class=\"wp-block-kenta-blocks-column kb-column-wrapper kb-column-wrapper-8bf43680\"><div class=\"kb-column kb-column-8bf43680\"><div class=\"kb-column-content\">\n<figure class=\"wp-block-kenta-blocks-image kb-image kb-image-824999c2 kenta-scroll-reveal\"><img decoding=\"async\" src=\"https:\/\/drongis.com\/wp-content\/uploads\/2023\/03\/R-removebg-preview.png\" alt=\"\"\/><\/figure>\n<\/div><\/div><\/div>\n\n\n\n<div class=\"wp-block-kenta-blocks-column kb-column-wrapper kb-column-wrapper-e28c4a22\"><div class=\"kb-column kb-column-e28c4a22\"><div class=\"kb-column-content\">\n<figure class=\"wp-block-kenta-blocks-image kb-image kb-image-0b2a2135 kenta-scroll-reveal\"><img decoding=\"async\" src=\"https:\/\/drongis.com\/wp-content\/uploads\/2023\/03\/logo-utp-removebg-preview-150x150.png\" alt=\"\"\/><\/figure>\n<\/div><\/div><\/div>\n\n\n\n<div class=\"wp-block-kenta-blocks-column kb-column-wrapper kb-column-wrapper-15342b2d\"><div class=\"kb-column kb-column-15342b2d\"><div class=\"kb-column-content\">\n<figure class=\"wp-block-image size-full is-resized\"><img loading=\"lazy\" decoding=\"async\" width=\"1014\" height=\"300\" src=\"https:\/\/drongis.com\/wp-content\/uploads\/2023\/03\/R.png\" alt=\"\" class=\"wp-image-315\" style=\"width:254px;height:75px\" srcset=\"https:\/\/drongis.com\/wp-content\/uploads\/2023\/03\/R.png 1014w, https:\/\/drongis.com\/wp-content\/uploads\/2023\/03\/R-300x89.png 300w, https:\/\/drongis.com\/wp-content\/uploads\/2023\/03\/R-768x227.png 768w\" sizes=\"auto, (max-width: 1014px) 100vw, 1014px\" \/><\/figure>\n<\/div><\/div><\/div>\n\n\n\n<div class=\"wp-block-kenta-blocks-column kb-column-wrapper kb-column-wrapper-217eefd0\"><div class=\"kb-column kb-column-217eefd0\"><div class=\"kb-column-content\">\n<figure class=\"wp-block-image size-full is-resized\"><img loading=\"lazy\" decoding=\"async\" width=\"474\" height=\"266\" src=\"https:\/\/drongis.com\/wp-content\/uploads\/2023\/03\/OIP-removebg-preview-1.png\" alt=\"\" class=\"wp-image-318\" style=\"width:198px;height:110px\" srcset=\"https:\/\/drongis.com\/wp-content\/uploads\/2023\/03\/OIP-removebg-preview-1.png 474w, https:\/\/drongis.com\/wp-content\/uploads\/2023\/03\/OIP-removebg-preview-1-300x168.png 300w\" sizes=\"auto, (max-width: 474px) 100vw, 474px\" \/><\/figure>\n<\/div><\/div><\/div>\n<\/div>\n<\/div><\/div>\n\n\n\n<div class=\"wp-block-kenta-blocks-section alignfull kb-section-53a713af kb-section\">\n<div class=\"wp-block-kenta-blocks-column kb-column-wrapper kb-column-wrapper-6b3a163f\"><div class=\"kb-column kb-column-6b3a163f\"><div class=\"kb-column-content\">\n<div class=\"wp-block-media-text alignwide is-stacked-on-mobile has-kenta-base-color has-text-color\"><figure class=\"wp-block-media-text__media\"><img loading=\"lazy\" decoding=\"async\" width=\"1024\" height=\"683\" src=\"https:\/\/drongis.com\/wp-content\/uploads\/2023\/03\/MAX_1789-1024x683.jpg\" alt=\"\" class=\"wp-image-303 size-full\" srcset=\"https:\/\/drongis.com\/wp-content\/uploads\/2023\/03\/MAX_1789-1024x683.jpg 1024w, https:\/\/drongis.com\/wp-content\/uploads\/2023\/03\/MAX_1789-300x200.jpg 300w, https:\/\/drongis.com\/wp-content\/uploads\/2023\/03\/MAX_1789-768x512.jpg 768w, https:\/\/drongis.com\/wp-content\/uploads\/2023\/03\/MAX_1789-1536x1024.jpg 1536w, https:\/\/drongis.com\/wp-content\/uploads\/2023\/03\/MAX_1789-2048x1365.jpg 2048w\" sizes=\"auto, (max-width: 1024px) 100vw, 1024px\" \/><\/figure><div class=\"wp-block-media-text__content\">\n<p><em><mark style=\"background-color:rgba(0, 0, 0, 0)\" class=\"has-inline-color has-kenta-base-300-color\">Servicios en Agricultura: <\/mark><\/em><\/p>\n\n\n\n<p><em>Salud del Cultivo, Conteo de Plantas.<\/em><\/p>\n<\/div><\/div>\n<\/div><\/div><\/div>\n\n\n\n<div class=\"wp-block-kenta-blocks-column kb-column-wrapper kb-column-wrapper-27c9ffe6\"><div class=\"kb-column kb-column-27c9ffe6\"><div class=\"kb-column-content\">\n<div class=\"wp-block-media-text alignwide is-stacked-on-mobile\" style=\"grid-template-columns:48% auto\"><figure class=\"wp-block-media-text__media\"><img loading=\"lazy\" decoding=\"async\" width=\"1024\" height=\"683\" src=\"https:\/\/drongis.com\/wp-content\/uploads\/2023\/03\/MAX_1819-1024x683.jpg\" alt=\"\" class=\"wp-image-304 size-full\" srcset=\"https:\/\/drongis.com\/wp-content\/uploads\/2023\/03\/MAX_1819-1024x683.jpg 1024w, https:\/\/drongis.com\/wp-content\/uploads\/2023\/03\/MAX_1819-300x200.jpg 300w, https:\/\/drongis.com\/wp-content\/uploads\/2023\/03\/MAX_1819-768x512.jpg 768w, https:\/\/drongis.com\/wp-content\/uploads\/2023\/03\/MAX_1819-1536x1024.jpg 1536w, https:\/\/drongis.com\/wp-content\/uploads\/2023\/03\/MAX_1819-2048x1365.jpg 2048w\" sizes=\"auto, (max-width: 1024px) 100vw, 1024px\" \/><\/figure><div class=\"wp-block-media-text__content\">\n<p class=\"has-kenta-base-color has-text-color\"><em>Servicios en ingenier\u00eda: <\/em><\/p>\n\n\n\n<p class=\"has-text-align-left has-kenta-base-color has-text-color\"><em>Inspecci\u00f3n de estructuras, c\u00e1lculo de vol\u00famenes.<\/em><\/p>\n<\/div><\/div>\n<\/div><\/div><\/div>\n\n\n\n<div class=\"wp-block-kenta-blocks-column kb-column-wrapper kb-column-wrapper-f6ec2716\"><div class=\"kb-column kb-column-f6ec2716\"><div class=\"kb-column-content\">\n<div class=\"wp-block-media-text alignwide is-stacked-on-mobile\" style=\"grid-template-columns:40% auto\"><figure class=\"wp-block-media-text__media\"><img loading=\"lazy\" decoding=\"async\" width=\"806\" height=\"661\" src=\"http:\/\/drongis.com\/wp-content\/uploads\/2023\/03\/Captura-de-pantalla-2023-03-18-105740.png\" alt=\"\" class=\"wp-image-305 size-full\" srcset=\"https:\/\/drongis.com\/wp-content\/uploads\/2023\/03\/Captura-de-pantalla-2023-03-18-105740.png 806w, https:\/\/drongis.com\/wp-content\/uploads\/2023\/03\/Captura-de-pantalla-2023-03-18-105740-300x246.png 300w, https:\/\/drongis.com\/wp-content\/uploads\/2023\/03\/Captura-de-pantalla-2023-03-18-105740-768x630.png 768w\" sizes=\"auto, (max-width: 806px) 100vw, 806px\" \/><\/figure><div class=\"wp-block-media-text__content\">\n<p class=\"has-kenta-base-color has-text-color\"><em>Servicios en la investigaci\u00f3n: <\/em><\/p>\n\n\n\n<p class=\"has-text-align-left has-kenta-base-color has-text-color\"><em>Monitoreo ambiental, Mapeo de zonas de desastre.<\/em><\/p>\n<\/div><\/div>\n<\/div><\/div><\/div>\n<\/div>\n\n\n\n<div class=\"wp-block-kenta-blocks-cover alignfull kb-cover-3f15da67 kb-cover\" id=\"contact\"><div class=\"kb-cover-inner-container\">\n<div class=\"wp-block-kenta-blocks-section alignwide kb-section-e612caa0 kb-section\">\n<div class=\"wp-block-kenta-blocks-column kb-column-wrapper kb-column-wrapper-59400cf3\"><div class=\"kb-column kb-column-59400cf3\"><div class=\"kb-column-content\">\n<div class=\"wp-block-kenta-blocks-heading kb-heading kb-heading-h2 kb-heading-e8f96529 kenta-scroll-reveal\"><h2 class=\"\">Pong\u00e1monos en contacto <\/h2><\/div>\n\n\n\n<div class=\"wp-block-kenta-blocks-paragraph kb-paragraph kb-paragraph-ba5fc069 kenta-scroll-reveal\"><p class=\"\">Aqu\u00ed est\u00e1n nuestros datos de contacto. Puedes escribirnos por WhatsApp, correo o ll\u00e1manos. Estaremos pendientes.<\/p><\/div>\n\n\n\n<div class=\"wp-block-kenta-blocks-stack kb-stack-57218eee kb-stack\"><div class=\"kb-stack-inner-container\">\n<div class=\"wp-block-kenta-blocks-row kb-row-2c6c9427 kb-row kenta-scroll-reveal\"><div class=\"kb-row-inner-container\">\n<div class=\"wp-block-kenta-blocks-icon kb-icon kb-icon-c586c25c\"><div class=\"kb-icon-wrap\"><i class=\"fas fa-location-dot\"><\/i><\/div><\/div>\n\n\n\n<div class=\"wp-block-kenta-blocks-paragraph kb-paragraph kb-paragraph-14549f72\"><p class=\"\">Dolega, Chiriqu\u00ed, Panam\u00e1.<\/p><\/div>\n\n\n<ul class=\"wp-block-latest-posts__list wp-block-latest-posts\"><li><a class=\"wp-block-latest-posts__post-title\" href=\"https:\/\/drongis.com\/?p=398\">\u00a1Drongis en La Estrella de Panam\u00e1! Seguimos llevando la innovaci\u00f3n geoespacial al pa\u00eds<\/a><\/li>\n<li><a class=\"wp-block-latest-posts__post-title\" href=\"https:\/\/drongis.com\/?p=388\">Drongis participa como conferencista magistral en seminario sobre construcci\u00f3n moderna en la UTP Chiriqu\u00ed<\/a><\/li>\n<li><a class=\"wp-block-latest-posts__post-title\" href=\"https:\/\/drongis.com\/?p=372\">Drongis participa como conferencista en el XI Congreso CINAP 2025<\/a><\/li>\n<li><a class=\"wp-block-latest-posts__post-title\" href=\"https:\/\/drongis.com\/?p=359\">\ud83c\udfc6 Drongis gana premio regional en la categor\u00eda Transici\u00f3n Digital del Programa DINAMICA II<\/a><\/li>\n<li><a class=\"wp-block-latest-posts__post-title\" href=\"https:\/\/drongis.com\/?p=1\"><strong>DRONGIS INGENIER\u00cdA S.EP.<\/strong><\/a><\/li>\n<\/ul><\/div><\/div>\n\n\n\n<div class=\"wp-block-kenta-blocks-row kb-row-7615ebe2 kb-row kenta-scroll-reveal\"><div class=\"kb-row-inner-container\">\n<div class=\"wp-block-kenta-blocks-icon kb-icon kb-icon-e59d7169\"><div class=\"kb-icon-wrap\"><i class=\"fas fa-phone\"><\/i><\/div><\/div>\n\n\n\n<div class=\"wp-block-kenta-blocks-paragraph kb-paragraph kb-paragraph-d57402ab\"><p class=\"\"><a href=\"https:\/\/wa.me\/message\/VFR4FD6WFSEJB1\">+507 6522-2240<\/a><\/p><\/div>\n<\/div><\/div>\n\n\n\n<div class=\"wp-block-kenta-blocks-row kb-row-b2054b01 kb-row kenta-scroll-reveal\"><div class=\"kb-row-inner-container\">\n<div class=\"wp-block-kenta-blocks-icon kb-icon kb-icon-b8ee6a50\"><div class=\"kb-icon-wrap\"><i class=\"fas fa-envelope\"><\/i><\/div><\/div>\n\n\n\n<div class=\"wp-block-kenta-blocks-paragraph kb-paragraph kb-paragraph-ff911465\"><p class=\"\"><a href=\"mailto:info@drongis.com\" title=\"\">info@drongis.com<\/a><\/p><\/div>\n<\/div><\/div>\n<\/div><\/div>\n<\/div><\/div><\/div>\n\n\n\n<div class=\"wp-block-kenta-blocks-column kb-column-wrapper kb-column-wrapper-f110f236 kenta-scroll-reveal\"><div class=\"kb-column kb-column-f110f236\"><div class=\"kb-column-content\"><p>[contact-form-7 id=&#8221;38&#8243; title=&#8221;Architecture Contact&#8221;]<\/p>\n<\/div><\/div><\/div>\n<\/div>\n<\/div><\/div>\n","protected":false},"excerpt":{"rendered":"<p>Agradecemos a nuestros financiadores, asesores y proveedores por creer en la nueva era de la tecnolog\u00eda geoespacial.<\/p>\n","protected":false},"author":1,"featured_media":0,"parent":0,"menu_order":0,"comment_status":"closed","ping_status":"closed","template":"","meta":{"site-container-style":"default","site-container-layout":"default","site-sidebar-layout":"default","site-transparent-header":"default","disable-article-header":"yes","disable-site-header":"default","disable-site-footer":"default","disable-content-area-spacing":"yes","footnotes":""},"class_list":["post-84","page","type-page","status-publish","hentry"],"_links":{"self":[{"href":"https:\/\/drongis.com\/index.php?rest_route=\/wp\/v2\/pages\/84","targetHints":{"allow":["GET"]}}],"collection":[{"href":"https:\/\/drongis.com\/index.php?rest_route=\/wp\/v2\/pages"}],"about":[{"href":"https:\/\/drongis.com\/index.php?rest_route=\/wp\/v2\/types\/page"}],"author":[{"embeddable":true,"href":"https:\/\/drongis.com\/index.php?rest_route=\/wp\/v2\/users\/1"}],"replies":[{"embeddable":true,"href":"https:\/\/drongis.com\/index.php?rest_route=%2Fwp%2Fv2%2Fcomments&post=84"}],"version-history":[{"count":39,"href":"https:\/\/drongis.com\/index.php?rest_route=\/wp\/v2\/pages\/84\/revisions"}],"predecessor-version":[{"id":387,"href":"https:\/\/drongis.com\/index.php?rest_route=\/wp\/v2\/pages\/84\/revisions\/387"}],"wp:attachment":[{"href":"https:\/\/drongis.com\/index.php?rest_route=%2Fwp%2Fv2%2Fmedia&parent=84"}],"curies":[{"name":"wp","href":"https:\/\/api.w.org\/{rel}","templated":true}]}}