{"id":149,"date":"2023-03-13T20:43:48","date_gmt":"2023-03-13T20:43:48","guid":{"rendered":"https:\/\/drongis.com\/?page_id=149"},"modified":"2023-03-17T17:48:14","modified_gmt":"2023-03-17T22:48:14","slug":"investigacion","status":"publish","type":"page","link":"https:\/\/drongis.com\/?page_id=149","title":{"rendered":"Investigaci\u00f3n"},"content":{"rendered":"\n<figure class=\"wp-block-image size-large\"><img loading=\"lazy\" decoding=\"async\" width=\"1024\" height=\"492\" src=\"https:\/\/drongis.com\/wp-content\/uploads\/2023\/03\/Captura-de-pantalla-2023-03-17-165947-1024x492.png\" alt=\"\" class=\"wp-image-216\" srcset=\"https:\/\/drongis.com\/wp-content\/uploads\/2023\/03\/Captura-de-pantalla-2023-03-17-165947-1024x492.png 1024w, https:\/\/drongis.com\/wp-content\/uploads\/2023\/03\/Captura-de-pantalla-2023-03-17-165947-300x144.png 300w, https:\/\/drongis.com\/wp-content\/uploads\/2023\/03\/Captura-de-pantalla-2023-03-17-165947-768x369.png 768w, https:\/\/drongis.com\/wp-content\/uploads\/2023\/03\/Captura-de-pantalla-2023-03-17-165947-1536x739.png 1536w, https:\/\/drongis.com\/wp-content\/uploads\/2023\/03\/Captura-de-pantalla-2023-03-17-165947.png 1572w\" sizes=\"auto, (max-width: 1024px) 100vw, 1024px\" \/><figcaption class=\"wp-element-caption\">Conteo de plantas con Deep learning.<\/figcaption><\/figure>\n\n\n\n<p>Los drones est\u00e1n siendo ampliamente utilizados en la investigaci\u00f3n cient\u00edfica para recopilar datos y llevar a cabo estudios de manera m\u00e1s eficiente y detallada. Los drones pueden ser equipados con una variedad de sensores para realizar mapeos topogr\u00e1ficos, monitoreo de la fauna y la flora, an\u00e1lisis de suelos, entre otros estudios. Esta tecnolog\u00eda permite a los investigadores obtener informaci\u00f3n valiosa de manera no invasiva y en \u00e1reas de dif\u00edcil acceso.<\/p>\n\n\n\n<p class=\"has-text-align-center\"><strong>Nuestros servicios incluyen: <\/strong><\/p>\n\n\n\n<p><strong>Monitoreo ambiental:<\/strong> Los drones pueden ser utilizados para monitorear el medio ambiente, incluyendo la calidad del aire y el agua, la erosi\u00f3n del suelo y la deforestaci\u00f3n. Los sensores de los drones pueden recopilar datos y enviarlos para su an\u00e1lisis.<\/p>\n\n\n\n<p><strong>Mapeo de zonas de desastre:<\/strong> Despu\u00e9s de un desastre natural, los drones pueden volar sobre un \u00e1rea y tomar fotograf\u00edas que pueden ser utilizadas para crear mapas precisos de la zona afectada. Este servicio puede ser utilizado para planificar la respuesta de emergencia y coordinar los esfuerzos de rescate.<\/p>\n\n\n\n<p><strong>Vigilancia y seguridad:<\/strong> Los drones pueden ser utilizados para vigilar \u00e1reas sensibles y peligrosas, como infraestructuras cr\u00edticas y zonas de dif\u00edcil acceso.<\/p>\n\n\n\n<p><strong>Conteo de plantas con deep learning: <\/strong>es una t\u00e9cnica de inteligencia artificial para identificar y contar plantas en im\u00e1genes de alta resoluci\u00f3n. Esta t\u00e9cnica es \u00fatil en la agricultura, la conservaci\u00f3n y la gesti\u00f3n del medio ambiente para monitorear el crecimiento de cultivos, estimar la densidad de la vegetaci\u00f3n y hacer seguimiento de la regeneraci\u00f3n natural.<\/p>\n\n\n\n<p><strong>Proyectos especiales:<\/strong> con el uso de drones, c\u00e1maras multiespectrales, im\u00e1genes t\u00e9rmicas y el uso de sistemas de informaci\u00f3n geogr\u00e1fica podemos crear soluciones a una amplia gama de problemas que pueden presentar nuestros clientes.<em> Nuestro equipo esta preparado para ayudar.<\/em><\/p>\n\n\n\n<figure class=\"wp-block-gallery has-nested-images columns-default is-cropped wp-block-gallery-1 is-layout-flex wp-block-gallery-is-layout-flex\">\n<figure class=\"wp-block-image size-large\"><img loading=\"lazy\" decoding=\"async\" width=\"1024\" height=\"454\" data-id=\"220\" src=\"https:\/\/drongis.com\/wp-content\/uploads\/2023\/03\/Captura-de-pantalla-2023-03-17-170136-1024x454.png\" alt=\"\" class=\"wp-image-220\" srcset=\"https:\/\/drongis.com\/wp-content\/uploads\/2023\/03\/Captura-de-pantalla-2023-03-17-170136-1024x454.png 1024w, https:\/\/drongis.com\/wp-content\/uploads\/2023\/03\/Captura-de-pantalla-2023-03-17-170136-300x133.png 300w, https:\/\/drongis.com\/wp-content\/uploads\/2023\/03\/Captura-de-pantalla-2023-03-17-170136-768x341.png 768w, https:\/\/drongis.com\/wp-content\/uploads\/2023\/03\/Captura-de-pantalla-2023-03-17-170136-1536x681.png 1536w, https:\/\/drongis.com\/wp-content\/uploads\/2023\/03\/Captura-de-pantalla-2023-03-17-170136.png 1734w\" sizes=\"auto, (max-width: 1024px) 100vw, 1024px\" \/><figcaption class=\"wp-element-caption\"><mark style=\"background-color:var(--kenta-base-300)\" class=\"has-inline-color\">Ortofoto de alta resoluci\u00f3n 1 cm\/p\u00edxel <\/mark><\/figcaption><\/figure>\n\n\n\n<figure class=\"wp-block-image size-large\"><img loading=\"lazy\" decoding=\"async\" width=\"1024\" height=\"523\" data-id=\"219\" src=\"https:\/\/drongis.com\/wp-content\/uploads\/2023\/03\/Captura-de-pantalla-2023-03-17-165919-1024x523.png\" alt=\"\" class=\"wp-image-219\" srcset=\"https:\/\/drongis.com\/wp-content\/uploads\/2023\/03\/Captura-de-pantalla-2023-03-17-165919-1024x523.png 1024w, https:\/\/drongis.com\/wp-content\/uploads\/2023\/03\/Captura-de-pantalla-2023-03-17-165919-300x153.png 300w, https:\/\/drongis.com\/wp-content\/uploads\/2023\/03\/Captura-de-pantalla-2023-03-17-165919-768x392.png 768w, https:\/\/drongis.com\/wp-content\/uploads\/2023\/03\/Captura-de-pantalla-2023-03-17-165919.png 1501w\" sizes=\"auto, (max-width: 1024px) 100vw, 1024px\" \/><figcaption class=\"wp-element-caption\"><mark style=\"background-color:var(--kenta-base-300)\" class=\"has-inline-color\">Plantas geolocalizadas con deep learning.<\/mark><\/figcaption><\/figure>\n<\/figure>\n","protected":false},"excerpt":{"rendered":"<p>Los drones est\u00e1n siendo ampliamente utilizados en la investigaci\u00f3n cient\u00edfica para recopilar datos y llevar a cabo estudios de manera m\u00e1s eficiente y detallada. Los drones pueden ser equipados con una variedad de sensores para realizar mapeos topogr\u00e1ficos, monitoreo de la fauna y la flora, an\u00e1lisis de suelos, entre otros estudios. Esta tecnolog\u00eda permite a [&hellip;]<\/p>\n","protected":false},"author":1,"featured_media":0,"parent":0,"menu_order":0,"comment_status":"closed","ping_status":"closed","template":"","meta":{"site-container-style":"default","site-container-layout":"default","site-sidebar-layout":"default","site-transparent-header":"default","disable-article-header":"default","disable-site-header":"default","disable-site-footer":"default","disable-content-area-spacing":"default","footnotes":""},"class_list":["post-149","page","type-page","status-publish","hentry"],"_links":{"self":[{"href":"https:\/\/drongis.com\/index.php?rest_route=\/wp\/v2\/pages\/149","targetHints":{"allow":["GET"]}}],"collection":[{"href":"https:\/\/drongis.com\/index.php?rest_route=\/wp\/v2\/pages"}],"about":[{"href":"https:\/\/drongis.com\/index.php?rest_route=\/wp\/v2\/types\/page"}],"author":[{"embeddable":true,"href":"https:\/\/drongis.com\/index.php?rest_route=\/wp\/v2\/users\/1"}],"replies":[{"embeddable":true,"href":"https:\/\/drongis.com\/index.php?rest_route=%2Fwp%2Fv2%2Fcomments&post=149"}],"version-history":[{"count":2,"href":"https:\/\/drongis.com\/index.php?rest_route=\/wp\/v2\/pages\/149\/revisions"}],"predecessor-version":[{"id":221,"href":"https:\/\/drongis.com\/index.php?rest_route=\/wp\/v2\/pages\/149\/revisions\/221"}],"wp:attachment":[{"href":"https:\/\/drongis.com\/index.php?rest_route=%2Fwp%2Fv2%2Fmedia&parent=149"}],"curies":[{"name":"wp","href":"https:\/\/api.w.org\/{rel}","templated":true}]}}