{"id":147,"date":"2023-03-13T20:42:59","date_gmt":"2023-03-13T20:42:59","guid":{"rendered":"https:\/\/drongis.com\/?page_id=147"},"modified":"2023-03-17T19:47:45","modified_gmt":"2023-03-17T19:47:45","slug":"ingenieria","status":"publish","type":"page","link":"https:\/\/drongis.com\/?page_id=147","title":{"rendered":"Ingenier\u00eda"},"content":{"rendered":"\n<figure class=\"wp-block-image alignwide size-large\"><img loading=\"lazy\" decoding=\"async\" width=\"1024\" height=\"336\" src=\"https:\/\/drongis.com\/wp-content\/uploads\/2023\/03\/nube-de-puntos-2-1024x336.jpg\" alt=\"\" class=\"wp-image-192\" srcset=\"https:\/\/drongis.com\/wp-content\/uploads\/2023\/03\/nube-de-puntos-2-1024x336.jpg 1024w, https:\/\/drongis.com\/wp-content\/uploads\/2023\/03\/nube-de-puntos-2-300x98.jpg 300w, https:\/\/drongis.com\/wp-content\/uploads\/2023\/03\/nube-de-puntos-2-768x252.jpg 768w, https:\/\/drongis.com\/wp-content\/uploads\/2023\/03\/nube-de-puntos-2-1536x504.jpg 1536w, https:\/\/drongis.com\/wp-content\/uploads\/2023\/03\/nube-de-puntos-2.jpg 1865w\" sizes=\"auto, (max-width: 1024px) 100vw, 1024px\" \/><figcaption class=\"wp-element-caption\">Modelado 3D<\/figcaption><\/figure>\n\n\n\n<p class=\"has-text-align-left\">Los drones estan siendo ampliamente utilizados en la ingenier\u00eda para recopilar datos y llevar a cabo inspecciones de infraestructuras de manera m\u00e1s segura, r\u00e1pida y econ\u00f3mica. Los drones pueden capturar im\u00e1genes de alta resoluci\u00f3n y generar modelos 3D precisos, lo que permite a los ingenieros tomar decisiones informadas sobre el mantenimiento y la planificaci\u00f3n de nuevas construcciones.<\/p>\n\n\n\n<hr class=\"wp-block-kenta-blocks-separator kb-separator-6ca837ef kb-separator\"\/>\n\n\n\n<p class=\"has-text-align-center\">Nuestros servicios influyen:<\/p>\n\n\n\n<p><strong>Modelado 3D: <\/strong>Los drones pueden tomar fotograf\u00edas a\u00e9reas de un \u00e1rea y utilizar software de modelado 3D para crear modelos precisos de edificios, terrenos y estructuras. Este servicio puede ser \u00fatil para la planificaci\u00f3n de proyectos de construcci\u00f3n o para la evaluaci\u00f3n de da\u00f1os despu\u00e9s de un desastre natural.<\/p>\n\n\n\n<p><strong>Topograf\u00eda y cartograf\u00eda:<\/strong> Los drones equipados con c\u00e1maras y sensores pueden tomar fotograf\u00edas y crear mapas precisos en 3D y 2D de terrenos, elevaciones y estructuras.<\/p>\n\n\n\n<p><strong>An\u00e1lisis de datos: <\/strong>Los drones pueden recopilar datos de diversas fuentes y analizarlos para proporcionar informaci\u00f3n \u00fatil a los ingenieros, como el seguimiento del progreso de un proyecto y el an\u00e1lisis de la eficiencia de los recursos.<\/p>\n\n\n\n<p><strong>Planificaci\u00f3n de proyectos de construcci\u00f3n: <\/strong>Los drones pueden tomar fotograf\u00edas y crear mapas precisos del terreno antes de iniciar un proyecto de construcci\u00f3n. Este servicio puede ser utilizado para planificar el dise\u00f1o del proyecto, evaluar la accesibilidad y planificar la ubicaci\u00f3n de las estructuras.<\/p>\n\n\n\n<p><strong>Vigilancia de proyectos de construcci\u00f3n: <\/strong>Los drones pueden ser utilizados para vigilar el progreso de un proyecto de construcci\u00f3n y proporcionar informaci\u00f3n sobre la seguridad del sitio de construcci\u00f3n y la eficiencia del proceso de construcci\u00f3n.<\/p>\n\n\n\n<p><strong>Inspecci\u00f3n de infraestructuras:<\/strong> Los drones pueden ser utilizados para inspeccionar infraestructuras como puentes, carreteras, edificios y torres de energ\u00eda. Con el uso de c\u00e1maras y sensores, los drones pueden detectar y registrar da\u00f1os, fisuras o cualquier otro problema estructural. Este servicio puede ser utilizado para la evaluaci\u00f3n de la seguridad de las infraestructuras y planificar el mantenimiento.<\/p>\n\n\n\n<figure class=\"wp-block-gallery has-nested-images columns-default is-cropped wp-block-gallery-1 is-layout-flex wp-block-gallery-is-layout-flex\">\n<figure class=\"wp-block-image size-full\"><img loading=\"lazy\" decoding=\"async\" width=\"640\" height=\"343\" data-id=\"181\" src=\"http:\/\/drongis.com\/wp-content\/uploads\/2023\/03\/319331554_3-1.jpg\" alt=\"\" class=\"wp-image-181\" srcset=\"https:\/\/drongis.com\/wp-content\/uploads\/2023\/03\/319331554_3-1.jpg 640w, https:\/\/drongis.com\/wp-content\/uploads\/2023\/03\/319331554_3-1-300x161.jpg 300w\" sizes=\"auto, (max-width: 640px) 100vw, 640px\" \/><figcaption class=\"wp-element-caption\">Modelado 3D<\/figcaption><\/figure>\n\n\n\n<figure class=\"wp-block-image size-large\"><img loading=\"lazy\" decoding=\"async\" width=\"626\" height=\"416\" data-id=\"200\" src=\"https:\/\/drongis.com\/wp-content\/uploads\/2023\/03\/drone-sobre-sitio-construccion-vigilancia-o-inspeccion-industrial_36051-632.webp\" alt=\"\" class=\"wp-image-200\" srcset=\"https:\/\/drongis.com\/wp-content\/uploads\/2023\/03\/drone-sobre-sitio-construccion-vigilancia-o-inspeccion-industrial_36051-632.webp 626w, https:\/\/drongis.com\/wp-content\/uploads\/2023\/03\/drone-sobre-sitio-construccion-vigilancia-o-inspeccion-industrial_36051-632-300x199.webp 300w\" sizes=\"auto, (max-width: 626px) 100vw, 626px\" \/><figcaption class=\"wp-element-caption\">Inspecci\u00f3n de estructuras<\/figcaption><\/figure>\n\n\n\n<figure class=\"wp-block-image size-large\"><img loading=\"lazy\" decoding=\"async\" width=\"1024\" height=\"465\" data-id=\"202\" src=\"https:\/\/drongis.com\/wp-content\/uploads\/2023\/03\/raster-1024x465.png\" alt=\"\" class=\"wp-image-202\" srcset=\"https:\/\/drongis.com\/wp-content\/uploads\/2023\/03\/raster-1024x465.png 1024w, https:\/\/drongis.com\/wp-content\/uploads\/2023\/03\/raster-300x136.png 300w, https:\/\/drongis.com\/wp-content\/uploads\/2023\/03\/raster-768x349.png 768w, https:\/\/drongis.com\/wp-content\/uploads\/2023\/03\/raster-1536x698.png 1536w, https:\/\/drongis.com\/wp-content\/uploads\/2023\/03\/raster.png 1758w\" sizes=\"auto, (max-width: 1024px) 100vw, 1024px\" \/><figcaption class=\"wp-element-caption\">Modelo 2D de terreno<\/figcaption><\/figure>\n\n\n\n<figure class=\"wp-block-image size-large\"><img loading=\"lazy\" decoding=\"async\" width=\"1024\" height=\"614\" data-id=\"203\" src=\"http:\/\/drongis.com\/wp-content\/uploads\/2023\/03\/Captura-de-pantalla-2023-03-17-144318-1024x614.png\" alt=\"\" class=\"wp-image-203\" srcset=\"https:\/\/drongis.com\/wp-content\/uploads\/2023\/03\/Captura-de-pantalla-2023-03-17-144318-1024x614.png 1024w, https:\/\/drongis.com\/wp-content\/uploads\/2023\/03\/Captura-de-pantalla-2023-03-17-144318-300x180.png 300w, https:\/\/drongis.com\/wp-content\/uploads\/2023\/03\/Captura-de-pantalla-2023-03-17-144318-768x460.png 768w, https:\/\/drongis.com\/wp-content\/uploads\/2023\/03\/Captura-de-pantalla-2023-03-17-144318.png 1435w\" sizes=\"auto, (max-width: 1024px) 100vw, 1024px\" \/><figcaption class=\"wp-element-caption\">Modelo Digital de Elevaci\u00f3n<\/figcaption><\/figure>\n<\/figure>\n","protected":false},"excerpt":{"rendered":"<p>Los drones estan siendo ampliamente utilizados en la ingenier\u00eda para recopilar datos y llevar a cabo inspecciones de infraestructuras de manera m\u00e1s segura, r\u00e1pida y econ\u00f3mica. Los drones pueden capturar im\u00e1genes de alta resoluci\u00f3n y generar modelos 3D precisos, lo que permite a los ingenieros tomar decisiones informadas sobre el mantenimiento y la planificaci\u00f3n de [&hellip;]<\/p>\n","protected":false},"author":1,"featured_media":0,"parent":0,"menu_order":0,"comment_status":"closed","ping_status":"closed","template":"","meta":{"site-container-style":"default","site-container-layout":"default","site-sidebar-layout":"default","site-transparent-header":"default","disable-article-header":"default","disable-site-header":"default","disable-site-footer":"default","disable-content-area-spacing":"default","footnotes":""},"class_list":["post-147","page","type-page","status-publish","hentry"],"_links":{"self":[{"href":"https:\/\/drongis.com\/index.php?rest_route=\/wp\/v2\/pages\/147","targetHints":{"allow":["GET"]}}],"collection":[{"href":"https:\/\/drongis.com\/index.php?rest_route=\/wp\/v2\/pages"}],"about":[{"href":"https:\/\/drongis.com\/index.php?rest_route=\/wp\/v2\/types\/page"}],"author":[{"embeddable":true,"href":"https:\/\/drongis.com\/index.php?rest_route=\/wp\/v2\/users\/1"}],"replies":[{"embeddable":true,"href":"https:\/\/drongis.com\/index.php?rest_route=%2Fwp%2Fv2%2Fcomments&post=147"}],"version-history":[{"count":14,"href":"https:\/\/drongis.com\/index.php?rest_route=\/wp\/v2\/pages\/147\/revisions"}],"predecessor-version":[{"id":206,"href":"https:\/\/drongis.com\/index.php?rest_route=\/wp\/v2\/pages\/147\/revisions\/206"}],"wp:attachment":[{"href":"https:\/\/drongis.com\/index.php?rest_route=%2Fwp%2Fv2%2Fmedia&parent=147"}],"curies":[{"name":"wp","href":"https:\/\/api.w.org\/{rel}","templated":true}]}}