{"id":142,"date":"2023-03-13T20:41:36","date_gmt":"2023-03-13T20:41:36","guid":{"rendered":"https:\/\/drongis.com\/?page_id=142"},"modified":"2023-03-17T18:29:53","modified_gmt":"2023-03-17T23:29:53","slug":"agricultura","status":"publish","type":"page","link":"https:\/\/drongis.com\/?page_id=142","title":{"rendered":"Agricultura"},"content":{"rendered":"\n<figure class=\"wp-block-image aligncenter size-full\"><img loading=\"lazy\" decoding=\"async\" width=\"793\" height=\"524\" src=\"https:\/\/drongis.com\/wp-content\/uploads\/2023\/03\/Captura-de-pantalla-2023-03-17-154620.png\" alt=\"\" class=\"wp-image-208\" srcset=\"https:\/\/drongis.com\/wp-content\/uploads\/2023\/03\/Captura-de-pantalla-2023-03-17-154620.png 793w, https:\/\/drongis.com\/wp-content\/uploads\/2023\/03\/Captura-de-pantalla-2023-03-17-154620-300x198.png 300w, https:\/\/drongis.com\/wp-content\/uploads\/2023\/03\/Captura-de-pantalla-2023-03-17-154620-768x507.png 768w\" sizes=\"auto, (max-width: 793px) 100vw, 793px\" \/><figcaption class=\"wp-element-caption\">Cultivo de ca\u00f1a de azucar. Verde oscuro representa las zonas m\u00e1s saludables del cultivo.<\/figcaption><\/figure>\n\n\n\n<p>Los drones est\u00e1n siendo utilizados cada vez m\u00e1s en la agricultura para realizar tareas como el monitoreo del crecimiento de los cultivos, la detecci\u00f3n de enfermedades y deficiencias nutricionales, el mapeo de la fertilidad del suelo y la inspecci\u00f3n de infraestructuras agr\u00edcolas. Esta tecnolog\u00eda permite a los agricultores tomar decisiones informadas para optimizar sus pr\u00e1cticas y mejorar los rendimientos.<\/p>\n\n\n\n<p class=\"has-text-align-center\"><strong>Nuestros servicios incluyen:<\/strong><\/p>\n\n\n\n<p><strong>Evaluaci\u00f3n de la salud de las plantas: <\/strong>Los drones equipados con c\u00e1maras multiespectrales pueden tomar im\u00e1genes de los cultivos en diferentes longitudes de onda, lo que les permite detectar enfermedades y deficiencias nutricionales antes de que sean visibles a simple vista. Los agricultores pueden usar esta informaci\u00f3n para tomar medidas preventivas, <em>como aplicar fertilizantes o pesticidas espec\u00edficos en \u00e1reas afectadas.<\/em><\/p>\n\n\n\n<p><strong>Detecci\u00f3n de maleza: <\/strong>Los drones pueden ser utilizados para identificar la presencia de maleza en los campos de cultivo. Esto permite a los agricultores tomar medidas r\u00e1pidas para eliminar la maleza antes de que compita con los cultivos por los nutrientes y el agua.<\/p>\n\n\n\n<p><strong>Inspecci\u00f3n de infraestructuras agr\u00edcolas:<\/strong> Los drones pueden ser utilizados para inspeccionar infraestructuras agr\u00edcolas, como las l\u00edneas de riego y los sistemas de drenaje. Esto puede ayudar a identificar problemas de obstrucci\u00f3n o roturas antes de que causen da\u00f1os significativos.<\/p>\n\n\n\n<figure class=\"wp-block-gallery has-nested-images columns-default is-cropped wp-block-gallery-1 is-layout-flex wp-block-gallery-is-layout-flex\">\n<figure class=\"wp-block-image size-full\"><img loading=\"lazy\" decoding=\"async\" width=\"980\" height=\"819\" data-id=\"214\" src=\"http:\/\/drongis.com\/wp-content\/uploads\/2023\/03\/Captura-de-pantalla-2023-03-17-160910.png\" alt=\"\" class=\"wp-image-214\" srcset=\"https:\/\/drongis.com\/wp-content\/uploads\/2023\/03\/Captura-de-pantalla-2023-03-17-160910.png 980w, https:\/\/drongis.com\/wp-content\/uploads\/2023\/03\/Captura-de-pantalla-2023-03-17-160910-300x251.png 300w, https:\/\/drongis.com\/wp-content\/uploads\/2023\/03\/Captura-de-pantalla-2023-03-17-160910-768x642.png 768w\" sizes=\"auto, (max-width: 980px) 100vw, 980px\" \/><figcaption class=\"wp-element-caption\"><mark style=\"background-color:var(--kenta-base-300)\" class=\"has-inline-color\">Cultivo de Ma\u00edz. NDVI.<\/mark><\/figcaption><\/figure>\n\n\n\n<figure class=\"wp-block-image size-large\"><img loading=\"lazy\" decoding=\"async\" width=\"789\" height=\"534\" data-id=\"212\" src=\"https:\/\/drongis.com\/wp-content\/uploads\/2023\/03\/Captura-de-pantalla-2023-03-17-154816.png\" alt=\"\" class=\"wp-image-212\" srcset=\"https:\/\/drongis.com\/wp-content\/uploads\/2023\/03\/Captura-de-pantalla-2023-03-17-154816.png 789w, https:\/\/drongis.com\/wp-content\/uploads\/2023\/03\/Captura-de-pantalla-2023-03-17-154816-300x203.png 300w, https:\/\/drongis.com\/wp-content\/uploads\/2023\/03\/Captura-de-pantalla-2023-03-17-154816-768x520.png 768w\" sizes=\"auto, (max-width: 789px) 100vw, 789px\" \/><figcaption class=\"wp-element-caption\"><mark style=\"background-color:var(--kenta-base-300)\" class=\"has-inline-color\">Cultivo de ca\u00f1a de azucar. Caracterizado en por zonas de salud vegetal.<\/mark><\/figcaption><\/figure>\n\n\n\n<figure class=\"wp-block-image size-large\"><img loading=\"lazy\" decoding=\"async\" width=\"794\" height=\"531\" data-id=\"211\" src=\"https:\/\/drongis.com\/wp-content\/uploads\/2023\/03\/Captura-de-pantalla-2023-03-17-154710.png\" alt=\"\" class=\"wp-image-211\" srcset=\"https:\/\/drongis.com\/wp-content\/uploads\/2023\/03\/Captura-de-pantalla-2023-03-17-154710.png 794w, https:\/\/drongis.com\/wp-content\/uploads\/2023\/03\/Captura-de-pantalla-2023-03-17-154710-300x201.png 300w, https:\/\/drongis.com\/wp-content\/uploads\/2023\/03\/Captura-de-pantalla-2023-03-17-154710-768x514.png 768w\" sizes=\"auto, (max-width: 794px) 100vw, 794px\" \/><figcaption class=\"wp-element-caption\"><mark style=\"background-color:var(--kenta-base-300)\" class=\"has-inline-color\">Cultivo de ca\u00f1a de azucar. Blanco, zonas con la menor salud vegetal.<\/mark><\/figcaption><\/figure>\n\n\n\n<figure class=\"wp-block-image size-full\"><img loading=\"lazy\" decoding=\"async\" width=\"976\" height=\"811\" data-id=\"213\" src=\"http:\/\/drongis.com\/wp-content\/uploads\/2023\/03\/Captura-de-pantalla-2023-03-17-155100.png\" alt=\"\" class=\"wp-image-213\" srcset=\"https:\/\/drongis.com\/wp-content\/uploads\/2023\/03\/Captura-de-pantalla-2023-03-17-155100.png 976w, https:\/\/drongis.com\/wp-content\/uploads\/2023\/03\/Captura-de-pantalla-2023-03-17-155100-300x249.png 300w, https:\/\/drongis.com\/wp-content\/uploads\/2023\/03\/Captura-de-pantalla-2023-03-17-155100-768x638.png 768w\" sizes=\"auto, (max-width: 976px) 100vw, 976px\" \/><figcaption class=\"wp-element-caption\"><mark style=\"background-color:var(--kenta-base-300)\" class=\"has-inline-color\">Cultivo de ma\u00edz. En verde claro, las zonas con menor salud vegetal. Puntos rojos, ubicaciones de tomas de muestra de suelo.<\/mark><\/figcaption><\/figure>\n<\/figure>\n\n\n\n<p><\/p>\n","protected":false},"excerpt":{"rendered":"<p>Los drones est\u00e1n siendo utilizados cada vez m\u00e1s en la agricultura para realizar tareas como el monitoreo del crecimiento de los cultivos, la detecci\u00f3n de enfermedades y deficiencias nutricionales, el mapeo de la fertilidad del suelo y la inspecci\u00f3n de infraestructuras agr\u00edcolas. Esta tecnolog\u00eda permite a los agricultores tomar decisiones informadas para optimizar sus pr\u00e1cticas [&hellip;]<\/p>\n","protected":false},"author":1,"featured_media":0,"parent":0,"menu_order":0,"comment_status":"closed","ping_status":"closed","template":"","meta":{"site-container-style":"default","site-container-layout":"default","site-sidebar-layout":"default","site-transparent-header":"default","disable-article-header":"default","disable-site-header":"default","disable-site-footer":"default","disable-content-area-spacing":"default","footnotes":""},"class_list":["post-142","page","type-page","status-publish","hentry"],"_links":{"self":[{"href":"https:\/\/drongis.com\/index.php?rest_route=\/wp\/v2\/pages\/142","targetHints":{"allow":["GET"]}}],"collection":[{"href":"https:\/\/drongis.com\/index.php?rest_route=\/wp\/v2\/pages"}],"about":[{"href":"https:\/\/drongis.com\/index.php?rest_route=\/wp\/v2\/types\/page"}],"author":[{"embeddable":true,"href":"https:\/\/drongis.com\/index.php?rest_route=\/wp\/v2\/users\/1"}],"replies":[{"embeddable":true,"href":"https:\/\/drongis.com\/index.php?rest_route=%2Fwp%2Fv2%2Fcomments&post=142"}],"version-history":[{"count":3,"href":"https:\/\/drongis.com\/index.php?rest_route=\/wp\/v2\/pages\/142\/revisions"}],"predecessor-version":[{"id":215,"href":"https:\/\/drongis.com\/index.php?rest_route=\/wp\/v2\/pages\/142\/revisions\/215"}],"wp:attachment":[{"href":"https:\/\/drongis.com\/index.php?rest_route=%2Fwp%2Fv2%2Fmedia&parent=142"}],"curies":[{"name":"wp","href":"https:\/\/api.w.org\/{rel}","templated":true}]}}